{"id":28,"date":"2024-10-04T14:01:27","date_gmt":"2024-10-04T17:01:27","guid":{"rendered":"https:\/\/ghostnoteprojetos.com.br\/?page_id=28"},"modified":"2025-01-28T21:37:48","modified_gmt":"2025-01-29T00:37:48","slug":"sobre-nos","status":"publish","type":"page","link":"https:\/\/ghostnoteprojetos.com.br\/?page_id=28","title":{"rendered":"Sobre N\u00f3s"},"content":{"rendered":"\t\t<div data-elementor-type=\"wp-page\" data-elementor-id=\"28\" class=\"elementor elementor-28\" data-elementor-settings=\"{&quot;ha_cmc_init_switcher&quot;:&quot;no&quot;}\" data-elementor-post-type=\"page\">\n\t\t\t\t<div class=\"elementor-element elementor-element-472722d2 e-con-full e-flex e-con e-parent\" data-id=\"472722d2\" data-element_type=\"container\" data-settings=\"{&quot;background_background&quot;:&quot;classic&quot;,&quot;shape_divider_bottom&quot;:&quot;opacity-tilt&quot;}\">\n\t\t\t\t<div class=\"elementor-shape elementor-shape-bottom\" aria-hidden=\"true\" data-negative=\"false\">\n\t\t\t<svg xmlns=\"http:\/\/www.w3.org\/2000\/svg\" viewBox=\"0 0 2600 131.1\" preserveAspectRatio=\"none\">\n\t<path class=\"elementor-shape-fill\" d=\"M0 0L2600 0 2600 69.1 0 0z\"\/>\n\t<path class=\"elementor-shape-fill\" style=\"opacity:0.5\" d=\"M0 0L2600 0 2600 69.1 0 69.1z\"\/>\n\t<path class=\"elementor-shape-fill\" style=\"opacity:0.25\" d=\"M2600 0L0 0 0 130.1 2600 69.1z\"\/>\n<\/svg>\t\t<\/div>\n\t\t<div class=\"elementor-element elementor-element-13a6f99a e-con-full e-flex e-con e-child\" data-id=\"13a6f99a\" data-element_type=\"container\" data-settings=\"{&quot;_ha_eqh_enable&quot;:false}\">\n\t\t\t\t<div class=\"elementor-element elementor-element-37d56037 animated-slow elementor-invisible elementor-widget elementor-widget-heading\" data-id=\"37d56037\" data-element_type=\"widget\" data-settings=\"{&quot;_animation&quot;:&quot;slideInUp&quot;}\" data-widget_type=\"heading.default\">\n\t\t\t\t<div class=\"elementor-widget-container\">\n\t\t\t\t\t<h2 class=\"elementor-heading-title elementor-size-default\">quem somos<\/h2>\t\t\t\t<\/div>\n\t\t\t\t<\/div>\n\t\t\t\t<div class=\"elementor-element elementor-element-ad52f21 animated-slow elementor-invisible elementor-widget elementor-widget-heading\" data-id=\"ad52f21\" data-element_type=\"widget\" data-settings=\"{&quot;_animation&quot;:&quot;slideInUp&quot;}\" data-widget_type=\"heading.default\">\n\t\t\t\t<div class=\"elementor-widget-container\">\n\t\t\t\t\t<h2 class=\"elementor-heading-title elementor-size-default\">a JAM EXPERIENCE<\/h2>\t\t\t\t<\/div>\n\t\t\t\t<\/div>\n\t\t\t\t<div class=\"elementor-element elementor-element-61b4df14 animated-slow elementor-invisible elementor-widget elementor-widget-text-editor\" data-id=\"61b4df14\" data-element_type=\"widget\" data-settings=\"{&quot;_animation&quot;:&quot;fadeInUp&quot;}\" data-widget_type=\"text-editor.default\">\n\t\t\t\t<div class=\"elementor-widget-container\">\n\t\t\t\t\t\t\t\t\t<p><strong>A Jam Experience \u00e9 o resultado da paix\u00e3o de tr\u00eas m\u00fasicos e educadores que reinventaram a forma de aprender m\u00fasica.<\/strong> Aqui, voc\u00ea encontra metodologia moderna, forma\u00e7\u00e3o de bandas e uma estrutura de primeira para viver a m\u00fasica de verdade.<\/p>\t\t\t\t\t\t\t\t<\/div>\n\t\t\t\t<\/div>\n\t\t\t\t<\/div>\n\t\t<div class=\"elementor-element elementor-element-3d300a0f e-con-full e-flex e-con e-child\" data-id=\"3d300a0f\" data-element_type=\"container\" data-settings=\"{&quot;_ha_eqh_enable&quot;:false}\">\n\t\t\t\t<div class=\"elementor-element elementor-element-e9287e6 elementor-widget-mobile__width-initial elementor-hidden-desktop elementor-hidden-laptop elementor-widget elementor-widget-image\" data-id=\"e9287e6\" data-element_type=\"widget\" data-settings=\"{&quot;_animation_mobile&quot;:&quot;fadeInUp&quot;}\" data-widget_type=\"image.default\">\n\t\t\t\t<div class=\"elementor-widget-container\">\n\t\t\t\t\t\t\t\t\t\t\t\t\t\t\t<img fetchpriority=\"high\" decoding=\"async\" width=\"800\" height=\"924\" src=\"https:\/\/ghostnoteprojetos.com.br\/wp-content\/uploads\/2025\/01\/estrutura_008.jpg\" class=\"attachment-large size-large wp-image-848\" alt=\"\" srcset=\"https:\/\/ghostnoteprojetos.com.br\/wp-content\/uploads\/2025\/01\/estrutura_008.jpg 866w, https:\/\/ghostnoteprojetos.com.br\/wp-content\/uploads\/2025\/01\/estrutura_008-260x300.jpg 260w, https:\/\/ghostnoteprojetos.com.br\/wp-content\/uploads\/2025\/01\/estrutura_008-768x887.jpg 768w\" sizes=\"(max-width: 800px) 100vw, 800px\" \/>\t\t\t\t\t\t\t\t\t\t\t\t\t\t\t<\/div>\n\t\t\t\t<\/div>\n\t\t\t\t<div class=\"elementor-element elementor-element-6c0f90d6 elementor-widget-mobile__width-initial elementor-hidden-tablet elementor-hidden-mobile elementor-widget elementor-widget-image\" data-id=\"6c0f90d6\" data-element_type=\"widget\" data-widget_type=\"image.default\">\n\t\t\t\t<div class=\"elementor-widget-container\">\n\t\t\t\t\t\t\t\t\t\t\t\t\t\t\t<img decoding=\"async\" width=\"260\" height=\"300\" src=\"https:\/\/ghostnoteprojetos.com.br\/wp-content\/uploads\/2025\/01\/estrutura_002-260x300.jpg\" class=\"attachment-medium size-medium wp-image-842\" alt=\"\" srcset=\"https:\/\/ghostnoteprojetos.com.br\/wp-content\/uploads\/2025\/01\/estrutura_002-260x300.jpg 260w, https:\/\/ghostnoteprojetos.com.br\/wp-content\/uploads\/2025\/01\/estrutura_002-768x887.jpg 768w, https:\/\/ghostnoteprojetos.com.br\/wp-content\/uploads\/2025\/01\/estrutura_002.jpg 866w\" sizes=\"(max-width: 260px) 100vw, 260px\" \/>\t\t\t\t\t\t\t\t\t\t\t\t\t\t\t<\/div>\n\t\t\t\t<\/div>\n\t\t\t\t<div class=\"elementor-element elementor-element-5c3e566c elementor-widget-mobile__width-initial elementor-hidden-tablet elementor-hidden-mobile elementor-widget elementor-widget-image\" data-id=\"5c3e566c\" data-element_type=\"widget\" data-widget_type=\"image.default\">\n\t\t\t\t<div class=\"elementor-widget-container\">\n\t\t\t\t\t\t\t\t\t\t\t\t\t\t\t<img decoding=\"async\" width=\"260\" height=\"300\" src=\"https:\/\/ghostnoteprojetos.com.br\/wp-content\/uploads\/2025\/01\/estrutura_008-260x300.jpg\" class=\"attachment-medium size-medium wp-image-848\" alt=\"\" srcset=\"https:\/\/ghostnoteprojetos.com.br\/wp-content\/uploads\/2025\/01\/estrutura_008-260x300.jpg 260w, https:\/\/ghostnoteprojetos.com.br\/wp-content\/uploads\/2025\/01\/estrutura_008-768x887.jpg 768w, https:\/\/ghostnoteprojetos.com.br\/wp-content\/uploads\/2025\/01\/estrutura_008.jpg 866w\" sizes=\"(max-width: 260px) 100vw, 260px\" \/>\t\t\t\t\t\t\t\t\t\t\t\t\t\t\t<\/div>\n\t\t\t\t<\/div>\n\t\t\t\t<div class=\"elementor-element elementor-element-50f3d43c elementor-widget-mobile__width-initial elementor-hidden-tablet elementor-hidden-mobile elementor-widget elementor-widget-image\" data-id=\"50f3d43c\" data-element_type=\"widget\" data-widget_type=\"image.default\">\n\t\t\t\t<div class=\"elementor-widget-container\">\n\t\t\t\t\t\t\t\t\t\t\t\t\t\t\t<img loading=\"lazy\" decoding=\"async\" width=\"260\" height=\"300\" src=\"https:\/\/ghostnoteprojetos.com.br\/wp-content\/uploads\/2025\/01\/estrutura_011-260x300.jpg\" class=\"attachment-medium size-medium wp-image-851\" alt=\"\" srcset=\"https:\/\/ghostnoteprojetos.com.br\/wp-content\/uploads\/2025\/01\/estrutura_011-260x300.jpg 260w, https:\/\/ghostnoteprojetos.com.br\/wp-content\/uploads\/2025\/01\/estrutura_011-768x887.jpg 768w, https:\/\/ghostnoteprojetos.com.br\/wp-content\/uploads\/2025\/01\/estrutura_011.jpg 866w\" sizes=\"(max-width: 260px) 100vw, 260px\" \/>\t\t\t\t\t\t\t\t\t\t\t\t\t\t\t<\/div>\n\t\t\t\t<\/div>\n\t\t\t\t<\/div>\n\t\t<div class=\"elementor-element elementor-element-1f943943 e-con-full e-flex e-con e-child\" data-id=\"1f943943\" data-element_type=\"container\" data-settings=\"{&quot;_ha_eqh_enable&quot;:false}\">\n\t\t\t\t<div class=\"elementor-element elementor-element-032e890 elementor-align-center elementor-widget elementor-widget-button\" data-id=\"032e890\" data-element_type=\"widget\" data-widget_type=\"button.default\">\n\t\t\t\t<div class=\"elementor-widget-container\">\n\t\t\t\t\t\t\t\t\t<div class=\"elementor-button-wrapper\">\n\t\t\t\t\t<a class=\"elementor-button elementor-button-link elementor-size-sm\" href=\"#testeagora\">\n\t\t\t\t\t\t<span class=\"elementor-button-content-wrapper\">\n\t\t\t\t\t\t<span class=\"elementor-button-icon\">\n\t\t\t\t<svg aria-hidden=\"true\" class=\"e-font-icon-svg e-fas-angle-double-down\" viewBox=\"0 0 320 512\" xmlns=\"http:\/\/www.w3.org\/2000\/svg\"><path d=\"M143 256.3L7 120.3c-9.4-9.4-9.4-24.6 0-33.9l22.6-22.6c9.4-9.4 24.6-9.4 33.9 0l96.4 96.4 96.4-96.4c9.4-9.4 24.6-9.4 33.9 0L313 86.3c9.4 9.4 9.4 24.6 0 33.9l-136 136c-9.4 9.5-24.6 9.5-34 .1zm34 192l136-136c9.4-9.4 9.4-24.6 0-33.9l-22.6-22.6c-9.4-9.4-24.6-9.4-33.9 0L160 352.1l-96.4-96.4c-9.4-9.4-24.6-9.4-33.9 0L7 278.3c-9.4 9.4-9.4 24.6 0 33.9l136 136c9.4 9.5 24.6 9.5 34 .1z\"><\/path><\/svg>\t\t\t<\/span>\n\t\t\t\t\t\t\t\t\t<span class=\"elementor-button-text\">saiba mais<\/span>\n\t\t\t\t\t<\/span>\n\t\t\t\t\t<\/a>\n\t\t\t\t<\/div>\n\t\t\t\t\t\t\t\t<\/div>\n\t\t\t\t<\/div>\n\t\t\t\t<\/div>\n\t\t\t\t<\/div>\n\t\t<div class=\"elementor-element elementor-element-080ed87 e-con-full e-flex e-con e-parent\" data-id=\"080ed87\" data-element_type=\"container\" id=\"testeagora\" data-settings=\"{&quot;background_background&quot;:&quot;classic&quot;,&quot;_ha_eqh_enable&quot;:false}\">\n\t\t<div class=\"elementor-element elementor-element-45a8888 e-con-full e-flex e-con e-child\" data-id=\"45a8888\" data-element_type=\"container\" data-settings=\"{&quot;_ha_eqh_enable&quot;:false}\">\n\t\t\t\t<div class=\"elementor-element elementor-element-812563a elementor-widget elementor-widget-heading\" data-id=\"812563a\" data-element_type=\"widget\" data-widget_type=\"heading.default\">\n\t\t\t\t<div class=\"elementor-widget-container\">\n\t\t\t\t\t<h1 class=\"elementor-heading-title elementor-size-default\">a jam experience<\/h1>\t\t\t\t<\/div>\n\t\t\t\t<\/div>\n\t\t\t\t<div class=\"elementor-element elementor-element-24b3d3c elementor-widget-divider--view-line elementor-widget elementor-widget-divider\" data-id=\"24b3d3c\" data-element_type=\"widget\" data-widget_type=\"divider.default\">\n\t\t\t\t<div class=\"elementor-widget-container\">\n\t\t\t\t\t\t\t<div class=\"elementor-divider\">\n\t\t\t<span class=\"elementor-divider-separator\">\n\t\t\t\t\t\t<\/span>\n\t\t<\/div>\n\t\t\t\t\t\t<\/div>\n\t\t\t\t<\/div>\n\t\t\t\t<div class=\"elementor-element elementor-element-b5a95c9 elementor-widget-mobile__width-inherit elementor-widget elementor-widget-text-editor\" data-id=\"b5a95c9\" data-element_type=\"widget\" data-widget_type=\"text-editor.default\">\n\t\t\t\t<div class=\"elementor-widget-container\">\n\t\t\t\t\t\t\t\t\t<p><strong>A Jam Experience nasceu de uma paix\u00e3o em comum por m\u00fasica e ensino<\/strong>, aliada ao desejo de transformar o aprendizado musical no Brasil. <strong>Thiago Zalinsky<\/strong>, guitarrista com uma longa trajet\u00f3ria nos palcos e na forma\u00e7\u00e3o de novos talentos; <strong>Rodrigo Bastos<\/strong>, baterista experiente e apaixonado por ritmo e t\u00e9cnica; e <strong>Rodolfo<\/strong>, guitarrista e especialista em marketing, <strong>uniram suas experi\u00eancias e vis\u00f5es para criar algo \u00fanico<\/strong>.<\/p><p>A ideia surgiu de um desafio: enquanto atuavam em outras escolas de m\u00fasica, os tr\u00eas perceberam que os alunos frequentemente esbarravam em metodologias r\u00edgidas, desmotivadoras e desconectadas da realidade. Com isso, identificaram uma oportunidade de reinventar o ensino musical. <strong>Foi assim que nasceu a Jam Experience, uma escola que coloca o aluno no centro, valorizando suas prefer\u00eancias, incentivando a criatividade e, acima de tudo, promovendo a experi\u00eancia real de tocar em banda.<\/strong><\/p><p>O local escolhido, <strong>o shopping Downtown, na Barra da Tijuca<\/strong>, foi pensado estrategicamente. Al\u00e9m da localiza\u00e7\u00e3o privilegiada, a estrutura da escola \u00e9 um convite para viver a m\u00fasica. <strong>O est\u00fadio<\/strong>, com sua fachada de vidro em formato de vitrine, j\u00e1 impressiona de cara, enquanto <strong>as salas individuais<\/strong> foram projetadas com equipamentos de alta qualidade e recursos que fazem cada aula ser realmente produtiva.<\/p><p><strong>Na Jam Experience, o aprendizado vai al\u00e9m de tocar um instrumento:<\/strong> aqui voc\u00ea encontra um ambiente onde a m\u00fasica conecta, transforma e inspira. Porque para n\u00f3s, m\u00fasica n\u00e3o \u00e9 s\u00f3 som, \u00e9 viv\u00eancia. E isso, os tr\u00eas fundadores entendem como poucos.<\/p>\t\t\t\t\t\t\t\t<\/div>\n\t\t\t\t<\/div>\n\t\t\t\t<\/div>\n\t\t<div class=\"elementor-element elementor-element-927dd87 e-con-full e-flex e-con e-child\" data-id=\"927dd87\" data-element_type=\"container\" data-settings=\"{&quot;_ha_eqh_enable&quot;:false}\">\n\t\t\t\t<div class=\"elementor-element elementor-element-b082060 elementor-widget elementor-widget-ha-slider happy-addon ha-slider\" data-id=\"b082060\" data-element_type=\"widget\" data-settings=\"{&quot;animation_speed&quot;:300,&quot;autoplay&quot;:&quot;yes&quot;,&quot;autoplay_speed&quot;:3000,&quot;loop&quot;:&quot;yes&quot;,&quot;slides_transition&quot;:&quot;slide&quot;,&quot;navigation&quot;:&quot;arrow&quot;}\" data-widget_type=\"ha-slider.default\">\n\t\t\t\t<div class=\"elementor-widget-container\">\n\t\t\t\t\t\n\t\t<div class=\"hajs-slick ha-slick ha-slick--slider\">\n\n\t\t\t\n\t\t\t\t<div class=\"ha-slick-slide slick-slide\">\n\t\t\t\t\t<div class=\"ha-slick-item\">\n\t\t\t\t\t\t\t\t\t\t\t\t\t<img decoding=\"async\" class=\"ha-slick-img\" src=\"https:\/\/ghostnoteprojetos.com.br\/wp-content\/uploads\/2025\/01\/estrutura_009-768x887.jpg\" alt=\"\">\n\t\t\t\t\t\t\n\t\t\t\t\t\t\t\t\t\t\t<\/div>\n\t\t\t\t<\/div>\n\n\t\t\t\n\t\t\t\t<div class=\"ha-slick-slide slick-slide\">\n\t\t\t\t\t<div class=\"ha-slick-item\">\n\t\t\t\t\t\t\t\t\t\t\t\t\t<img decoding=\"async\" class=\"ha-slick-img\" src=\"https:\/\/ghostnoteprojetos.com.br\/wp-content\/uploads\/2025\/01\/estrutura_003-768x887.jpg\" alt=\"\">\n\t\t\t\t\t\t\n\t\t\t\t\t\t\t\t\t\t\t<\/div>\n\t\t\t\t<\/div>\n\n\t\t\t\n\t\t\t\t<div class=\"ha-slick-slide slick-slide\">\n\t\t\t\t\t<div class=\"ha-slick-item\">\n\t\t\t\t\t\t\t\t\t\t\t\t\t<img decoding=\"async\" class=\"ha-slick-img\" src=\"https:\/\/ghostnoteprojetos.com.br\/wp-content\/uploads\/2025\/01\/estrutura_006-768x887.jpg\" alt=\"\">\n\t\t\t\t\t\t\n\t\t\t\t\t\t\t\t\t\t\t<\/div>\n\t\t\t\t<\/div>\n\n\t\t\t\n\t\t<\/div>\n\n\t\t\t\t\t<button type=\"button\" class=\"slick-prev\"><svg aria-hidden=\"true\" class=\"e-font-icon-svg e-fas-chevron-left\" viewBox=\"0 0 320 512\" xmlns=\"http:\/\/www.w3.org\/2000\/svg\"><path d=\"M34.52 239.03L228.87 44.69c9.37-9.37 24.57-9.37 33.94 0l22.67 22.67c9.36 9.36 9.37 24.52.04 33.9L131.49 256l154.02 154.75c9.34 9.38 9.32 24.54-.04 33.9l-22.67 22.67c-9.37 9.37-24.57 9.37-33.94 0L34.52 272.97c-9.37-9.37-9.37-24.57 0-33.94z\"><\/path><\/svg><\/button>\n\t\t\n\t\t\t\t\t<button type=\"button\" class=\"slick-next\"><svg aria-hidden=\"true\" class=\"e-font-icon-svg e-fas-chevron-right\" viewBox=\"0 0 320 512\" xmlns=\"http:\/\/www.w3.org\/2000\/svg\"><path d=\"M285.476 272.971L91.132 467.314c-9.373 9.373-24.569 9.373-33.941 0l-22.667-22.667c-9.357-9.357-9.375-24.522-.04-33.901L188.505 256 34.484 101.255c-9.335-9.379-9.317-24.544.04-33.901l22.667-22.667c9.373-9.373 24.569-9.373 33.941 0L285.475 239.03c9.373 9.372 9.373 24.568.001 33.941z\"><\/path><\/svg><\/button>\n\t\t\n\t\t\t\t\t\t<\/div>\n\t\t\t\t<\/div>\n\t\t\t\t<\/div>\n\t\t\t\t<\/div>\n\t\t\t\t<\/div>\n\t\t","protected":false},"excerpt":{"rendered":"<p>quem somos a JAM EXPERIENCE A Jam Experience \u00e9 o resultado da paix\u00e3o de tr\u00eas m\u00fasicos e educadores que reinventaram a forma de aprender m\u00fasica. Aqui, voc\u00ea encontra metodologia moderna, forma\u00e7\u00e3o de bandas e uma estrutura de primeira para viver a m\u00fasica de verdade. saiba mais a jam experience A Jam Experience nasceu de uma [&hellip;]<\/p>\n","protected":false},"author":1,"featured_media":0,"parent":0,"menu_order":0,"comment_status":"closed","ping_status":"closed","template":"","meta":{"footnotes":""},"class_list":["post-28","page","type-page","status-publish","hentry"],"_links":{"self":[{"href":"https:\/\/ghostnoteprojetos.com.br\/index.php?rest_route=\/wp\/v2\/pages\/28","targetHints":{"allow":["GET"]}}],"collection":[{"href":"https:\/\/ghostnoteprojetos.com.br\/index.php?rest_route=\/wp\/v2\/pages"}],"about":[{"href":"https:\/\/ghostnoteprojetos.com.br\/index.php?rest_route=\/wp\/v2\/types\/page"}],"author":[{"embeddable":true,"href":"https:\/\/ghostnoteprojetos.com.br\/index.php?rest_route=\/wp\/v2\/users\/1"}],"replies":[{"embeddable":true,"href":"https:\/\/ghostnoteprojetos.com.br\/index.php?rest_route=%2Fwp%2Fv2%2Fcomments&post=28"}],"version-history":[{"count":100,"href":"https:\/\/ghostnoteprojetos.com.br\/index.php?rest_route=\/wp\/v2\/pages\/28\/revisions"}],"predecessor-version":[{"id":1430,"href":"https:\/\/ghostnoteprojetos.com.br\/index.php?rest_route=\/wp\/v2\/pages\/28\/revisions\/1430"}],"wp:attachment":[{"href":"https:\/\/ghostnoteprojetos.com.br\/index.php?rest_route=%2Fwp%2Fv2%2Fmedia&parent=28"}],"curies":[{"name":"wp","href":"https:\/\/api.w.org\/{rel}","templated":true}]}}